{"id":9,"date":"2015-12-20T09:50:28","date_gmt":"2015-12-20T08:50:28","guid":{"rendered":"http:\/\/www.kunsthaus-waeldchen.de\/cms\/?page_id=9"},"modified":"2023-09-03T13:20:14","modified_gmt":"2023-09-03T11:20:14","slug":"bildungswerkstatt","status":"publish","type":"page","link":"https:\/\/www.kunsthaus-waeldchen.de\/cms\/bildungswerkstatt\/","title":{"rendered":"Bildungswerkstatt"},"content":{"rendered":"<div id=\"pl-9\"  class=\"panel-layout\" ><div id=\"pg-9-0\"  class=\"panel-grid panel-no-style\" ><div id=\"pgc-9-0-0\"  class=\"panel-grid-cell\" ><div id=\"panel-9-0-0-0\" class=\"so-panel widget widget_sow-editor panel-first-child panel-last-child\" data-index=\"0\" ><div\n\t\t\t\n\t\t\tclass=\"so-widget-sow-editor so-widget-sow-editor-base\"\n\t\t\t\n\t\t>\n<div class=\"siteorigin-widget-tinymce textwidget\">\n\t<p><strong><span style=\"font-size: 14pt;\">Bildungswerkstatt<\/span><\/strong><\/p>\n<div id=\"metaslider-id-125\" style=\"max-width: 880px;\" class=\"ml-slider-3-90-0 metaslider metaslider-nivo metaslider-125 ml-slider ms-theme-default\" role=\"region\" aria-roledescription=\"Slideshow\" aria-label=\"bildungswerkstatt\">\n    <div id=\"metaslider_container_125\">\n        <div class='slider-wrapper theme-default'><div class='ribbon'><\/div><div id='metaslider_125' class='nivoSlider'><img loading=\"lazy\" decoding=\"async\" src=\"https:\/\/www.kunsthaus-waeldchen.de\/cms\/wp-content\/uploads\/2015\/12\/sam9470-880x300.jpg\" height=\"300\" width=\"880\" alt=\"\" class=\"slider-125 slide-126\" \/><img loading=\"lazy\" decoding=\"async\" src=\"https:\/\/www.kunsthaus-waeldchen.de\/cms\/wp-content\/uploads\/2015\/12\/sam9376-880x300.jpg\" height=\"300\" width=\"880\" alt=\"\" class=\"slider-125 slide-130\" \/><img loading=\"lazy\" decoding=\"async\" src=\"https:\/\/www.kunsthaus-waeldchen.de\/cms\/wp-content\/uploads\/2015\/12\/sam9464-880x300.jpg\" height=\"300\" width=\"880\" alt=\"\" class=\"slider-125 slide-131\" \/><\/div><\/div>\n        \n    <\/div>\n<\/div>\n<\/div>\n<\/div><\/div><\/div><\/div><div id=\"pg-9-1\"  class=\"panel-grid panel-no-style\" ><div id=\"pgc-9-1-0\"  class=\"panel-grid-cell\" ><div id=\"panel-9-1-0-0\" class=\"so-panel widget widget_sow-editor panel-first-child panel-last-child\" data-index=\"1\" ><div\n\t\t\t\n\t\t\tclass=\"so-widget-sow-editor so-widget-sow-editor-base\"\n\t\t\t\n\t\t>\n<div class=\"siteorigin-widget-tinymce textwidget\">\n\t<p><span style=\"font-size: 12pt;\">&nbsp;<\/span><br \/>\n<span style=\"font-size: 12pt;\"> <strong>\u00c4STHETISCH-MUSIKALISCHE GRUNDBILDUNG<\/strong><\/span><\/p>\n<p>Die \u00e4sthetisch-musikalische Grundbildung ist ein von Daniel Diestelkamp und Doroth\u00e9 R.Marzinzik seit \u00fcber 20 Jahren in der Praxis entwickelter Ansatz f\u00fcr Kinder im Alter von 3 - 10 Jahren. Dabei geht es darum, sch\u00f6pferische Potenziale zu entdecken und mit Musik jedem Kind eine T\u00fcr zu Bildung zu \u00f6ffnen. Besonders stehen dabei Aspekte der Integration, Inklusion und Partizipation, F\u00f6rderung von Kindern mit Migrationshintergrund und in der aktuellen Situation auch von Fl\u00fcchtlingskindern, im Mittelpunkt. Alle Module sind in der Praxis erprobt und als wirkungsvoll best\u00e4tigt worden. Sie sind in jeder Kita anwendbar, sowohl in k\u00fcnstlerisch-musikalischen Zusammenh\u00e4ngen als auch in sprachf\u00f6rdernden, interkulturellen und kognitiven Bez\u00fcgen.<\/p>\n<p>Die \u00e4sthetisch-musikalische Grundbildung kann den Alltag in Kita und Grundschule ver\u00e4ndern, sie kann ihn bereichern. Sie gibt Erzieherinnen und Erziehern, Lehrerinnen und Lehrern Werkzeug an die Hand, mit dem sie ihre eigenen sch\u00f6pferischen Potenziale und die der Kinder entdecken und entfalten k\u00f6nnen. Gleichzeitig schafft sie R\u00e4ume der Ruhe, Konzentration und Aufmerksamkeit sowie einen respektvollen Umgang miteinander und mit den Dingen.<\/p>\n<p><span style=\"font-size: 10pt;\"><strong>Pers\u00f6nliches Statement: <\/strong><\/span><br \/>\n<span style=\"font-size: 10pt;\"><em>Als dann im April 2012 in unserer Kita ein Musikprojekt vom Kunsthaus W\u00e4ldchen startete, lernte ich zum ersten Mal eine musikalische Methode kennen, die wirklich bei den Kindern ansetzt und besonders auch diejenigen mitnimmt, die von zuhause aus keine F\u00f6rderung erfahren und in ihren Verhaltensweisen schwierig sind: Kinder, die sich wenig konzentrieren k\u00f6nnen, die kaum abwarten k\u00f6nnen und dazu neigen, andere in ihrem Tun zu st\u00f6ren, Kinder, die selber leicht ablenkbar sind. Ich erlebte eine Methode, die die Kinder neugierig macht, die ihnen so viel Spannendes bietet, das sie sich anstrengen abzuwarten, damit sie drankommen. Sie f\u00fcgen sich in die Gruppe ein und wissen, dass jedes von ihnen auch immer wieder im Mittelpunkt stehen darf, weil es immer wieder Gelegenheit gibt, seine eigenen Eindr\u00fccke, seine Meinung zu \u00e4u\u00dfern oder an einem besonders attraktiven Instrument zu spielen. Welch eine Arbeitshaltung, welch eine Kooperation und welch ein Selbstbewusstsein!! <\/em><\/span><br \/>\n<span style=\"font-size: 10pt;\"><em><span style=\"font-size: 8pt;\">(Sabine Sch\u00e4fer, seit \u00fcber 25 Jahren Erzieherin)<\/span><\/em><\/span><\/p>\n<p>Weitere Informationen zum downloaden:<\/p>\n<p><a href=\"https:\/\/www.kunsthaus-waeldchen.de\/cms\/wp-content\/uploads\/2021\/08\/AeMuG-Flyer-2021_2022.pdf\">\u00c4MuG Flyer 2021_2022<\/a><\/p>\n<p><a href=\"https:\/\/www.kunsthaus-waeldchen.de\/cms\/wp-content\/uploads\/2021\/08\/Verbindliche-Anmeldung-2021_2022.pdf\">Verbindliche Anmeldung 2021_2022<\/a><\/p>\n<p><a href=\"https:\/\/www.kunsthaus-waeldchen.de\/cms\/wp-content\/uploads\/2015\/12\/Kita-Zertifizierung.pdf\" rel=\"\">Kita Zertifizierung<\/a><\/p>\n<p><a href=\"https:\/\/www.kunsthaus-waeldchen.de\/cms\/wp-content\/uploads\/2015\/12\/Multiplikatoren-Weiterbildung.pdf\" rel=\"\">Multiplikatoren Weiterbildung<\/a><\/p>\n<p><a href=\"https:\/\/www.kunsthaus-waeldchen.de\/cms\/wp-content\/uploads\/2015\/12\/BUCH-\u00c4sthetisch-Musikalische-Grundbildung.pdf\" rel=\"\">BUCH \u00c4sthetisch-Musikalische Grundbildung<\/a><\/p>\n<\/div>\n<\/div><\/div><\/div><\/div><\/div>","protected":false},"excerpt":{"rendered":"<p>Bildungswerkstatt &nbsp; \u00c4STHETISCH-MUSIKALISCHE GRUNDBILDUNG Die \u00e4sthetisch-musikalische Grundbildung ist ein von Daniel Diestelkamp und Doroth\u00e9 R.Marzinzik seit \u00fcber 20 Jahren in der Praxis entwickelter Ansatz f\u00fcr Kinder im Alter von 3 &#8211; 10 Jahren. Dabei geht es darum, sch\u00f6pferische Potenziale zu&#8230; <a href=\"https:\/\/www.kunsthaus-waeldchen.de\/cms\/bildungswerkstatt\/\" class=\"read-more\">mehr&#8230;<\/a><\/p>\n","protected":false},"author":1,"featured_media":0,"parent":0,"menu_order":0,"comment_status":"closed","ping_status":"closed","template":"","meta":{"ngg_post_thumbnail":0,"footnotes":""},"_links":{"self":[{"href":"https:\/\/www.kunsthaus-waeldchen.de\/cms\/wp-json\/wp\/v2\/pages\/9"}],"collection":[{"href":"https:\/\/www.kunsthaus-waeldchen.de\/cms\/wp-json\/wp\/v2\/pages"}],"about":[{"href":"https:\/\/www.kunsthaus-waeldchen.de\/cms\/wp-json\/wp\/v2\/types\/page"}],"author":[{"embeddable":true,"href":"https:\/\/www.kunsthaus-waeldchen.de\/cms\/wp-json\/wp\/v2\/users\/1"}],"replies":[{"embeddable":true,"href":"https:\/\/www.kunsthaus-waeldchen.de\/cms\/wp-json\/wp\/v2\/comments?post=9"}],"version-history":[{"count":19,"href":"https:\/\/www.kunsthaus-waeldchen.de\/cms\/wp-json\/wp\/v2\/pages\/9\/revisions"}],"predecessor-version":[{"id":46,"href":"https:\/\/www.kunsthaus-waeldchen.de\/cms\/wp-json\/wp\/v2\/pages\/9\/revisions\/46"}],"wp:attachment":[{"href":"https:\/\/www.kunsthaus-waeldchen.de\/cms\/wp-json\/wp\/v2\/media?parent=9"}],"curies":[{"name":"wp","href":"https:\/\/api.w.org\/{rel}","templated":true}]}}