{"id":7,"date":"2015-12-20T09:50:07","date_gmt":"2015-12-20T08:50:07","guid":{"rendered":"http:\/\/www.kunsthaus-waeldchen.de\/cms\/?page_id=7"},"modified":"2015-12-23T17:53:02","modified_gmt":"2015-12-23T16:53:02","slug":"ueber-uns","status":"publish","type":"page","link":"https:\/\/www.kunsthaus-waeldchen.de\/cms\/ueber-uns\/","title":{"rendered":"\u00dcber Uns"},"content":{"rendered":"<div id=\"pl-7\"  class=\"panel-layout\" ><div id=\"pg-7-0\"  class=\"panel-grid panel-no-style\" ><div id=\"pgc-7-0-0\"  class=\"panel-grid-cell\" ><div id=\"panel-7-0-0-0\" class=\"so-panel widget widget_sow-editor panel-first-child panel-last-child\" data-index=\"0\" ><div\n\t\t\t\n\t\t\tclass=\"so-widget-sow-editor so-widget-sow-editor-base\"\n\t\t\t\n\t\t>\n<div class=\"siteorigin-widget-tinymce textwidget\">\n\t<p><strong><span style=\"font-size: 14pt;\">\u00dcber Uns<\/span><\/strong><\/p>\n<div id=\"metaslider-id-112\" style=\"max-width: 880px;\" class=\"ml-slider-3-90-0 metaslider metaslider-nivo metaslider-112 ml-slider ms-theme-default\" role=\"region\" aria-roledescription=\"Slideshow\" aria-label=\"\u00fcber uns\">\n    <div id=\"metaslider_container_112\">\n        <div class='slider-wrapper theme-default'><div class='ribbon'><\/div><div id='metaslider_112' class='nivoSlider'><img loading=\"lazy\" decoding=\"async\" src=\"https:\/\/www.kunsthaus-waeldchen.de\/cms\/wp-content\/uploads\/2015\/12\/sam9260-panorama-880x300.jpg\" height=\"300\" width=\"880\" alt=\"\" class=\"slider-112 slide-115\" \/><img loading=\"lazy\" decoding=\"async\" src=\"https:\/\/www.kunsthaus-waeldchen.de\/cms\/wp-content\/uploads\/2015\/12\/sam9410-880x300.jpg\" height=\"300\" width=\"880\" alt=\"\" class=\"slider-112 slide-117\" \/><img loading=\"lazy\" decoding=\"async\" src=\"https:\/\/www.kunsthaus-waeldchen.de\/cms\/wp-content\/uploads\/2015\/12\/pb080129-880x300.jpg\" height=\"300\" width=\"880\" alt=\"\" class=\"slider-112 slide-116\" \/><\/div><\/div>\n        \n    <\/div>\n<\/div>\n<\/div>\n<\/div><\/div><\/div><\/div><div id=\"pg-7-1\"  class=\"panel-grid panel-no-style\" ><div id=\"pgc-7-1-0\"  class=\"panel-grid-cell\" ><div id=\"panel-7-1-0-0\" class=\"so-panel widget widget_sow-editor panel-first-child panel-last-child\" data-index=\"1\" ><div\n\t\t\t\n\t\t\tclass=\"so-widget-sow-editor so-widget-sow-editor-base\"\n\t\t\t\n\t\t>\n<div class=\"siteorigin-widget-tinymce textwidget\">\n\t<p>Das Kunsthaus W\u00e4ldchen ist ein Atelier f\u00fcr improvisierte Musik und Performance, f\u00fcr Seminare und Projekte der \u00e4sthetisch-musikalischen Grundbildung und f\u00fcr Ferien in Natur &amp; Stille.<\/p>\n<p>Die Leitung des Kunsthaus W\u00e4ldchen haben Dorothe Ruth Marzinzik und Daniel Diestelkamp.<\/p>\n<p>KUNSTHAUS W\u00c4LDCHEN liegt auf der Landesgrenze von Nordrhein-Westfalen und Rheinland-Pfalz im Drei-Kreise-Eck Altenkirchen, Siegburg und Gummersbach.<\/p>\n<p>Der ehemalige Restbauernhof W\u00e4ldchen 1, der zur Ortsgemeinde Forst in der Verbandsgemeinde Hamm\/Sieg geh\u00f6rt, wurde 1988 von Doroth\u00e9 R.Marzinzik und Daniel Diestelkamp erworben, 1994 zum Studio ausgebaut und 2015 gro\u00dfz\u00fcgig mit einer Lounge auf der S\u00fcdseite, neuen G\u00e4stezimmern und einer separaten Ferienwohnung saniert und erweitert.<\/p>\n<p>1996 wurde der als gemeinn\u00fctzig anerkannte F\u00f6rderverein F\u00f6rderInnen freier Kunstkultur und Musikp\u00e4dagogik e.V. gegr\u00fcndet, der als Mitglied der rheinland-pf\u00e4lzischen Landesarbeitsgemeinschaft anderes lernen, LAG al e.V. agiert.<\/p>\n<p>Partner des Kunsthaus W\u00e4ldchen sind u.a. das Ministerium f\u00fcr Bildung, Wissenschaft, Weiterbildung und Kultur in RLP, WIBeN (Westerw\u00e4lder Initiativen- und Betriebe Netz e.V.) das Institut f\u00fcr zeitgen\u00f6ssische Musik IZM in Frankfurt am Main, die Technische Hochschule und die Hochschule f\u00fcr Musik und Tanz in K\u00f6ln, der Landesmusikrat NRW, der Deutsche Chorverband, der Kultursommer RLP, die Melanchthon-Akademie und Lutherkirche in K\u00f6ln sowie in Melbourne St.Michael\u2019s, Uniting Church of Australia.<\/p>\n<\/div>\n<\/div><\/div><\/div><\/div><\/div>","protected":false},"excerpt":{"rendered":"<p>\u00dcber Uns Das Kunsthaus W\u00e4ldchen ist ein Atelier f\u00fcr improvisierte Musik und Performance, f\u00fcr Seminare und Projekte der \u00e4sthetisch-musikalischen Grundbildung und f\u00fcr Ferien in Natur &amp; Stille.Die Leitung des Kunsthaus W\u00e4ldchen haben Dorothe Ruth Marzinzik und Daniel Diestelkamp.KUNSTHAUS W\u00c4LDCHEN liegt&#8230; <a href=\"https:\/\/www.kunsthaus-waeldchen.de\/cms\/ueber-uns\/\" class=\"read-more\">mehr&#8230;<\/a><\/p>\n","protected":false},"author":1,"featured_media":0,"parent":0,"menu_order":0,"comment_status":"closed","ping_status":"closed","template":"","meta":{"ngg_post_thumbnail":0,"footnotes":""},"_links":{"self":[{"href":"https:\/\/www.kunsthaus-waeldchen.de\/cms\/wp-json\/wp\/v2\/pages\/7"}],"collection":[{"href":"https:\/\/www.kunsthaus-waeldchen.de\/cms\/wp-json\/wp\/v2\/pages"}],"about":[{"href":"https:\/\/www.kunsthaus-waeldchen.de\/cms\/wp-json\/wp\/v2\/types\/page"}],"author":[{"embeddable":true,"href":"https:\/\/www.kunsthaus-waeldchen.de\/cms\/wp-json\/wp\/v2\/users\/1"}],"replies":[{"embeddable":true,"href":"https:\/\/www.kunsthaus-waeldchen.de\/cms\/wp-json\/wp\/v2\/comments?post=7"}],"version-history":[{"count":6,"href":"https:\/\/www.kunsthaus-waeldchen.de\/cms\/wp-json\/wp\/v2\/pages\/7\/revisions"}],"predecessor-version":[{"id":167,"href":"https:\/\/www.kunsthaus-waeldchen.de\/cms\/wp-json\/wp\/v2\/pages\/7\/revisions\/167"}],"wp:attachment":[{"href":"https:\/\/www.kunsthaus-waeldchen.de\/cms\/wp-json\/wp\/v2\/media?parent=7"}],"curies":[{"name":"wp","href":"https:\/\/api.w.org\/{rel}","templated":true}]}}