{"id":644,"date":"2023-06-12T21:40:57","date_gmt":"2023-06-12T19:40:57","guid":{"rendered":"https:\/\/www.kunsthaus-waeldchen.de\/cms\/?page_id=644"},"modified":"2024-01-22T19:52:16","modified_gmt":"2024-01-22T18:52:16","slug":"open-arts-2023","status":"publish","type":"page","link":"https:\/\/www.kunsthaus-waeldchen.de\/cms\/open-arts-2023\/","title":{"rendered":"open arts 2023"},"content":{"rendered":"<p><strong><span style=\"font-size: 14pt;\"><span style=\"font-size: 12pt;\">Wir sagen DANKE f\u00fcr alles, was wir mit Euch teilen durften!<\/span> <\/span><\/strong><br \/>\n<span style=\"font-size: 12pt;\">Schaut und h\u00f6rt einmal hinein in diese wunderbaren Impressionen von <strong>open arts 2023<\/strong><\/span><br \/>\n<span style=\"font-size: 14pt;\"><a href=\"https:\/\/vimeo.com\/844138338\"><strong>https:\/\/vimeo.com\/844138338<\/strong><\/a> <\/span><\/p>\n<p>&nbsp;<\/p>\n<p><a href=\"https:\/\/www.kunsthaus-waeldchen.de\/cms\/wp-content\/uploads\/2023\/07\/open-arts-Juli-2023-scaled.jpg\"><img loading=\"lazy\" decoding=\"async\" class=\"alignnone size-large wp-image-653\" src=\"https:\/\/www.kunsthaus-waeldchen.de\/cms\/wp-content\/uploads\/2023\/07\/open-arts-Juli-2023-724x1024.jpg\" alt=\"\" width=\"640\" height=\"905\" srcset=\"https:\/\/www.kunsthaus-waeldchen.de\/cms\/wp-content\/uploads\/2023\/07\/open-arts-Juli-2023-724x1024.jpg 724w, https:\/\/www.kunsthaus-waeldchen.de\/cms\/wp-content\/uploads\/2023\/07\/open-arts-Juli-2023-212x300.jpg 212w, https:\/\/www.kunsthaus-waeldchen.de\/cms\/wp-content\/uploads\/2023\/07\/open-arts-Juli-2023-768x1086.jpg 768w, https:\/\/www.kunsthaus-waeldchen.de\/cms\/wp-content\/uploads\/2023\/07\/open-arts-Juli-2023-1086x1536.jpg 1086w, https:\/\/www.kunsthaus-waeldchen.de\/cms\/wp-content\/uploads\/2023\/07\/open-arts-Juli-2023-1448x2048.jpg 1448w, https:\/\/www.kunsthaus-waeldchen.de\/cms\/wp-content\/uploads\/2023\/07\/open-arts-Juli-2023-scaled.jpg 1810w\" sizes=\"(max-width: 640px) 100vw, 640px\" \/><\/a><\/p>\n<p><u><span style=\"font-size: 12pt;\">16. <\/span>Juli um 13 Uhr<\/u> im Kunsthaus W\u00e4ldchen (Forst)<br \/>\nMUT F\u00dcR MORGEN Aktionstag f\u00fcr Kinder ab 9 Jahren und Erwachsene<br \/>\n<span style=\"font-size: 10pt;\">An diesem Tag wollen wir mit einfachen Mitteln <strong><em>Glasg\u00e4rten zum Mitnehmen<\/em><\/strong> bauen,<\/span><br \/>\n<span style=\"font-size: 10pt;\">die den gesunden Kreislauf des Wachstums veranschaulichen. Zudem werden wir den Film<\/span><br \/>\n<span style=\"font-size: 10pt;\"><strong><em>2040 &#8211; Wir retten die Welt <\/em><\/strong>im Kinoformat vorf\u00fchren. Hierin zeigt ein Vater seiner 5-j\u00e4hrigen Tochter<\/span><br \/>\n<span style=\"font-size: 10pt;\">Beispiele von schon erprobten \u00f6kologischen \u00dcberlebensmodellen auf, die zeigen, wie es gelingen kann,<\/span><br \/>\n<span style=\"font-size: 10pt;\">bis zum Jahr 2040 einen positiven Wandel in Bezug zu Klima und Politik herbeizuf\u00fchren.<\/span><br \/>\n<span style=\"font-size: 10pt;\">Workshop: Dorothe R.Marzinzik und Daniel Diestelkamp<\/span><br \/>\n<span style=\"font-size: 10pt;\">Kosten: Erwachsene 10 \u20ac, Kinder 5 \u20ac (Inklusive Materialien)<\/span><br \/>\n<span style=\"font-size: 10pt;\">Info und Anmeldung: Kunsthaus W\u00e4ldchen 02292.7477<\/span><br \/>\n&nbsp;<br \/>\n<a href=\"https:\/\/www.kunsthaus-waeldchen.de\/cms\/wp-content\/uploads\/2023\/06\/open-arts-Juli-Sept-2023-scaled.jpg\"><img loading=\"lazy\" decoding=\"async\" class=\"alignnone size-large wp-image-640\" src=\"https:\/\/www.kunsthaus-waeldchen.de\/cms\/wp-content\/uploads\/2023\/06\/open-arts-Juli-Sept-2023-1024x726.jpg\" alt=\"\" width=\"640\" height=\"454\" srcset=\"https:\/\/www.kunsthaus-waeldchen.de\/cms\/wp-content\/uploads\/2023\/06\/open-arts-Juli-Sept-2023-1024x726.jpg 1024w, https:\/\/www.kunsthaus-waeldchen.de\/cms\/wp-content\/uploads\/2023\/06\/open-arts-Juli-Sept-2023-300x213.jpg 300w, https:\/\/www.kunsthaus-waeldchen.de\/cms\/wp-content\/uploads\/2023\/06\/open-arts-Juli-Sept-2023-768x545.jpg 768w, https:\/\/www.kunsthaus-waeldchen.de\/cms\/wp-content\/uploads\/2023\/06\/open-arts-Juli-Sept-2023-1536x1090.jpg 1536w, https:\/\/www.kunsthaus-waeldchen.de\/cms\/wp-content\/uploads\/2023\/06\/open-arts-Juli-Sept-2023-2048x1453.jpg 2048w\" sizes=\"(max-width: 640px) 100vw, 640px\" \/><\/a><\/p>\n","protected":false},"excerpt":{"rendered":"<p>Wir sagen DANKE f\u00fcr alles, was wir mit Euch teilen durften! Schaut und h\u00f6rt einmal hinein in diese wunderbaren Impressionen von open arts 2023 https:\/\/vimeo.com\/844138338 &nbsp; 16. Juli um 13 Uhr im Kunsthaus W\u00e4ldchen (Forst) MUT F\u00dcR MORGEN Aktionstag f\u00fcr&#8230; <a href=\"https:\/\/www.kunsthaus-waeldchen.de\/cms\/open-arts-2023\/\" class=\"read-more\">mehr&#8230;<\/a><\/p>\n","protected":false},"author":1,"featured_media":0,"parent":0,"menu_order":0,"comment_status":"closed","ping_status":"closed","template":"","meta":{"ngg_post_thumbnail":0,"footnotes":""},"_links":{"self":[{"href":"https:\/\/www.kunsthaus-waeldchen.de\/cms\/wp-json\/wp\/v2\/pages\/644"}],"collection":[{"href":"https:\/\/www.kunsthaus-waeldchen.de\/cms\/wp-json\/wp\/v2\/pages"}],"about":[{"href":"https:\/\/www.kunsthaus-waeldchen.de\/cms\/wp-json\/wp\/v2\/types\/page"}],"author":[{"embeddable":true,"href":"https:\/\/www.kunsthaus-waeldchen.de\/cms\/wp-json\/wp\/v2\/users\/1"}],"replies":[{"embeddable":true,"href":"https:\/\/www.kunsthaus-waeldchen.de\/cms\/wp-json\/wp\/v2\/comments?post=644"}],"version-history":[{"count":6,"href":"https:\/\/www.kunsthaus-waeldchen.de\/cms\/wp-json\/wp\/v2\/pages\/644\/revisions"}],"predecessor-version":[{"id":709,"href":"https:\/\/www.kunsthaus-waeldchen.de\/cms\/wp-json\/wp\/v2\/pages\/644\/revisions\/709"}],"wp:attachment":[{"href":"https:\/\/www.kunsthaus-waeldchen.de\/cms\/wp-json\/wp\/v2\/media?parent=644"}],"curies":[{"name":"wp","href":"https:\/\/api.w.org\/{rel}","templated":true}]}}