{"id":570,"date":"2022-04-21T14:11:08","date_gmt":"2022-04-21T12:11:08","guid":{"rendered":"https:\/\/www.kunsthaus-waeldchen.de\/cms\/?page_id=570"},"modified":"2023-07-06T12:54:32","modified_gmt":"2023-07-06T10:54:32","slug":"open-arts-2022","status":"publish","type":"page","link":"https:\/\/www.kunsthaus-waeldchen.de\/cms\/open-arts-2022\/","title":{"rendered":"open arts 2022"},"content":{"rendered":"<p><span style=\"font-size: 14pt;\">Schaut hinein in unseren Film mit wunderbaren Impressionen von<\/span><\/p>\n<p><strong><span style=\"font-size: 18pt;\">OPEN ARTS 2022<\/span><\/strong><\/p>\n<p><span style=\"font-size: 18pt;\"><a href=\"https:\/\/vimeo.com\/814677259\">https:\/\/vimeo.com\/814677259&nbsp; <\/a> <\/span><\/p>\n<p>&nbsp;<\/p>\n<p><span style=\"text-decoration: underline;\"><span style=\"font-size: 12pt;\">Mittwoch <span style=\"font-size: 14pt;\"><strong>25. Mai<\/strong> 20:15 Uhr<\/span> ER\u00d6FFNUNG<\/span><\/span><\/p>\n<ul>\n<li><span style=\"background-color: #99ccff; font-size: 14pt;\">WIEDER ZUSAMMEN \u2013 <strong>OPEN ARTS 2022<\/strong><\/span><\/li>\n<\/ul>\n<p><span style=\"font-size: 10pt;\"><strong>peace-mass opening <\/strong>Bl\u00e4ser des Siegtalcorps, open arts-Ensemble von Daniel Diestelkamp<\/span><br \/>\n<span style=\"font-size: 10pt;\"><strong>Im Anfang <\/strong>f\u00fcr Cello, Stimme und Video von Doroth\u00e9 R.Marzinzik<\/span><br \/>\n<span style=\"font-size: 10pt;\"><strong>Des Vagues <\/strong>f\u00fcr Akkordeon, Saxophon, Kontrabass und Schlagzeug von Daniel Diestelkamp<\/span><br \/>\n&nbsp;<br \/>\n<span style=\"text-decoration: underline;\"><span style=\"font-size: 12pt;\">Donnerstag <span style=\"font-size: 14pt;\"><strong>26. Mai<\/strong> <\/span>TOUCH THE FUTURE<\/span><\/span><\/p>\n<ul>\n<li><span style=\"font-size: 14pt;\"><span style=\"background-color: #99ccff;\"><strong>Naturkl\u00e4nge <\/strong><\/span>14 \u2013 17 Uhr<\/span> <strong>Klangwerkstatt f\u00fcr Kinder und Jugendliche<\/strong><\/li>\n<\/ul>\n<p><span style=\"font-size: 10pt;\">Gemeinsam Instrumente aller Art erkunden: Rhythmen in H\u00f6lzern und Steinen,<\/span><br \/>\n<span style=\"font-size: 10pt;\">Obert\u00f6ne in Fl\u00f6ten und Stimmen und damit eine ganz eigene Musik erfinden.<\/span><br \/>\n<span style=\"font-size: 10pt;\">Daniel Diestelkamp und Doroth\u00e9 R.Marzinzik<\/span><\/p>\n<ul>\n<li><span style=\"font-size: 14pt;\"><span style=\"background-color: #99ccff;\"><strong>Wer wir waren <\/strong><\/span>21 Uhr<\/span> <strong>Hochaktueller Dokumentarfilm im Open-Air-Kino<br \/>\n<\/strong><\/li>\n<\/ul>\n<p><span style=\"font-size: 10pt;\">Was werden zuk\u00fcnftige Generationen \u00fcber uns denken, wenn wir bereits Geschichte sind?<\/span><br \/>\n<span style=\"font-size: 10pt;\">\u201eEin poetischer Bilderrausch voller Hoffnung und Inspiration\u201c (ZDFAspekte)<\/span><br \/>\n&nbsp;<br \/>\n<span style=\"text-decoration: underline;\"><span style=\"font-size: 12pt;\">Freitag <span style=\"font-size: 14pt;\"><strong>27. Mai<\/strong><\/span> ARTEN STERBEN<\/span><\/span><\/p>\n<ul>\n<li><span style=\"font-size: 14pt;\"><span style=\"background-color: #99ccff;\"><strong>Insekten in W\u00e4ldchen<\/strong><\/span> 15- 17 Uhr<\/span><\/li>\n<\/ul>\n<p><span style=\"font-size: 10pt;\">Familien-Workshop mit Wald- und Wiesenspaziergang, Patrick Urban (Insektenforscher)<\/span><\/p>\n<ul>\n<li><span style=\"font-size: 14pt;\"><span style=\"background-color: #99ccff;\"><strong>Das stille Sterben der Wildbienen<\/strong> <\/span>19 Uhr<\/span> <strong>Vortrag <\/strong>Karolina Rupik<\/li>\n<li><span style=\"font-size: 14pt;\"><span style=\"background-color: #99ccff;\"><strong>Dungk\u00e4fer-Artenverlust und die Auswirkungen <\/strong><strong>auf die Umwelt <\/strong><\/span>20 Uhr<\/span> <strong>Vortrag<\/strong> Patrick Urban<\/li>\n<\/ul>\n<ul>\n<li><span style=\"font-size: 14pt;\"><span style=\"background-color: #99ccff;\"><strong>memorial 6.0 &#8211; requiem for a lost kingdom of plants and animals <\/strong><\/span>21:30 Uhr<\/span> <strong>Performance <\/strong><\/li>\n<\/ul>\n<p>f\u00fcr Schlagwerk, E-Gitarre, Keyboard und Stimme von Oona Kastner<br \/>\n<strong>&nbsp;&nbsp;&nbsp;&nbsp;&nbsp;&nbsp;&nbsp;&nbsp;&nbsp;&nbsp;&nbsp; <\/strong><br \/>\n<span style=\"text-decoration: underline;\"><span style=\"font-size: 12pt;\">Samstag <span style=\"font-size: 14pt;\"><strong>28.Mai<\/strong> <\/span>BEGEGNUNG \u00dcBER GRENZEN<\/span><\/span><\/p>\n<ul>\n<li><span style=\"font-size: 14pt;\"><span style=\"background-color: #99ccff;\"><strong>Welcome to Iran \u2013 <\/strong><strong>unterwegs im Land der Gastfreundlichen <\/strong><\/span>19 Uhr <\/span><\/li>\n<\/ul>\n<p><span style=\"font-size: 10pt;\"><strong>Videovortrag <\/strong>von Bernd G.Schmitz (Fotograf und Journalist)<\/span><\/p>\n<ul>\n<li><span style=\"font-size: 14pt;\"><span style=\"background-color: #99ccff;\"><strong>maryam akhondy\/banu <\/strong><\/span>21 Uhr <\/span><strong>Konzert Persischer Frauenchor <\/strong><span style=\"font-size: 10pt;\">Spektakul\u00e4re Vokalkl\u00e4nge und Rhythmen im Exil<\/span><\/li>\n<\/ul>\n<p>&nbsp;<br \/>\n<span style=\"text-decoration: underline; font-size: 12pt;\">Sonntag <span style=\"font-size: 14pt;\"><strong>12.Juni, <\/strong>17 Uhr<\/span> AKKORDEON PLUS (1)<\/span><\/p>\n<ul>\n<li><span style=\"font-size: 14pt;\"><span style=\"background-color: #99ccff;\"><strong>Trio Kohmann\/Z\u00f6llner\/Wei\u00df <\/strong><\/span><span style=\"font-size: 12pt;\"><strong>Konzert <\/strong>mit <\/span><\/span><span style=\"font-size: 10pt;\"><span style=\"font-size: 12pt;\">Akkordeon, Schlagwerk und Saxophon<\/span> <\/span><\/li>\n<\/ul>\n<p><span style=\"font-size: 10pt;\">Experimentelle Klangkunst aus dem Westerwald<\/span><\/p>\n<p>&nbsp;<br \/>\n<span style=\"text-decoration: underline;\"><span style=\"font-size: 12pt;\">Donnerstag <span style=\"font-size: 14pt;\"><strong>16.Juni, <\/strong>20 Uhr<\/span> AKKORDEON PLUS (2)<\/span><\/span><\/p>\n<ul>\n<li><span style=\"font-size: 14pt;\"><span style=\"background-color: #99ccff;\"><strong>Duo Aliada <\/strong><\/span>(Wien) <\/span><strong>Konzert <\/strong>mit Akkordeon und Saxophon<\/li>\n<\/ul>\n<p><span style=\"font-size: 10pt;\">Faszinierende Musik und kreative Arrangements aus ihrem neuen Album EAST WEST<\/span><br \/>\n&nbsp;<br \/>\n<span style=\"text-decoration: underline;\"><span style=\"font-size: 12pt;\">Samstag<\/span> <span style=\"font-size: 14pt;\"><strong>18.Juni, <\/strong>20:15 Uhr <\/span><\/span><br \/>\n<span style=\"font-size: 12pt;\">OPEN YOUR WINGS \u2013 JUNGE K\u00dcNSTLER ON STAGE<\/span><\/p>\n<ul>\n<li><strong><span style=\"font-size: 14pt; background-color: #99ccff;\">einfach amelie<\/span>&nbsp; <\/strong>singer-songwriter<\/li>\n<li><span style=\"font-size: 14pt;\"><strong><span style=\"background-color: #99ccff;\">gianna pludra<\/span>&nbsp; <\/strong><\/span>art-pop-trio<\/li>\n<li><strong><span style=\"font-size: 14pt; background-color: #99ccff;\">lunatic loop<\/span>&nbsp; <\/strong>psychedelic blues rock ft. Jakob Marzinzik<\/li>\n<\/ul>\n<p><strong>&nbsp;<\/strong><br \/>\n<span style=\"font-size: 12pt;\"><span style=\"text-decoration: underline;\">Freitag, <strong><span style=\"font-size: 14pt;\">8.J<\/span><\/strong><span style=\"font-size: 14pt;\"><strong>uli, <\/strong>20 Uhr<\/span><\/span><\/span><br \/>\nJAHRHUNDERTWERK DES ZWANZIGSTEN<\/p>\n<ul>\n<li><span style=\"background-color: #99ccff;\"><strong><span style=\"font-size: 14pt; background-color: #99ccff;\">Olivier Messiaen \u201eQuartett f\u00fcr das Ende der Zeit\u201c 1941<\/span> <\/strong><\/span><\/li>\n<\/ul>\n<p><span style=\"font-size: 10pt;\">Shizuyo Oka \u2013 Klarinette<\/span><br \/>\n<span style=\"font-size: 10pt;\">Johannes Blumenr\u00f6ther \u2013 Violine<\/span><br \/>\n<span style=\"font-size: 10pt;\">Susanne M\u00fcller-Hornbach \u2013 Violoncelle<\/span><br \/>\n<span style=\"font-size: 10pt;\">Jee Young Phillips \u2013 Klavier<\/span><br \/>\n<span style=\"font-size: 10pt;\">Gerhard M\u00fcller-Hornbach \u2013 Werkeinf\u00fchrung<\/span><br \/>\n<strong>&nbsp;<\/strong><br \/>\n<span style=\"text-decoration: underline;\"><span style=\"font-size: 12pt;\">Freitag <span style=\"font-size: 14pt;\"><strong>29.Juli, <\/strong>21 Uhr<\/span> <\/span><\/span><br \/>\n<span style=\"font-size: 12pt;\">K\u00d6LSCH-ROCK-LEGENDE<\/span><\/p>\n<ul>\n<li><span style=\"font-size: 14pt;\"><strong><span style=\"background-color: #99ccff;\">Kasalla<\/span> <\/strong><\/span><span style=\"font-size: 10pt;\">Sonderkonzert Eintritt 30\/25\u20ac Begrenzte Pl\u00e4tze!<\/span><\/li>\n<\/ul>\n<p><strong>&nbsp;<\/strong><br \/>\n<span style=\"text-decoration: underline;\"><span style=\"font-size: 12pt;\">Samstag<\/span> <span style=\"font-size: 14pt;\"><strong>24.September, <\/strong>19 Uhr<\/span><\/span><br \/>\n<span style=\"font-size: 12pt;\">ABSCHLUSSKONZERT OPENARTS WERKFABRIK<\/span><\/p>\n<ul>\n<li><span style=\"font-size: 14pt; background-color: #99ccff;\"><strong>InSound cello plus <\/strong><\/span><span style=\"font-size: 10pt;\">Susanne und Gerhard M\u00fcller-Hornbach, Eva Z\u00f6llner, Daniel Diestelkamp, Doroth\u00e9 R.Marzinzik<\/span><\/li>\n<\/ul>\n<ul>\n<li><span style=\"font-size: 14pt; background-color: #99ccff;\"><strong>Abschlussfest <\/strong><\/span><\/li>\n<\/ul>\n<p><span style=\"font-size: 14pt;\">Alle Veranstaltungen (bis auf das Kasalla Konzert) sind kostenfrei zu besuchen!<\/span><br \/>\n<span style=\"font-size: 14pt;\">Eine <strong>Anmeldung <\/strong>ist erforderlich.<\/span><br \/>\n<span style=\"font-size: 24pt;\"><strong>Anmeldung\/Tickets:<\/strong><\/span><br \/>\n<span style=\"font-size: 24pt;\"><a href=\"https:\/\/ticket557.tickethome.at\">https:\/\/ticket557.tickethome.at<\/a><\/span><\/p>\n","protected":false},"excerpt":{"rendered":"<p>Schaut hinein in unseren Film mit wunderbaren Impressionen von OPEN ARTS 2022 https:\/\/vimeo.com\/814677259&nbsp; &nbsp; Mittwoch 25. Mai 20:15 Uhr ER\u00d6FFNUNG WIEDER ZUSAMMEN \u2013 OPEN ARTS 2022 peace-mass opening Bl\u00e4ser des Siegtalcorps, open arts-Ensemble von Daniel Diestelkamp Im Anfang f\u00fcr Cello,&#8230; <a href=\"https:\/\/www.kunsthaus-waeldchen.de\/cms\/open-arts-2022\/\" class=\"read-more\">mehr&#8230;<\/a><\/p>\n","protected":false},"author":1,"featured_media":0,"parent":0,"menu_order":0,"comment_status":"closed","ping_status":"closed","template":"","meta":{"ngg_post_thumbnail":0,"footnotes":""},"_links":{"self":[{"href":"https:\/\/www.kunsthaus-waeldchen.de\/cms\/wp-json\/wp\/v2\/pages\/570"}],"collection":[{"href":"https:\/\/www.kunsthaus-waeldchen.de\/cms\/wp-json\/wp\/v2\/pages"}],"about":[{"href":"https:\/\/www.kunsthaus-waeldchen.de\/cms\/wp-json\/wp\/v2\/types\/page"}],"author":[{"embeddable":true,"href":"https:\/\/www.kunsthaus-waeldchen.de\/cms\/wp-json\/wp\/v2\/users\/1"}],"replies":[{"embeddable":true,"href":"https:\/\/www.kunsthaus-waeldchen.de\/cms\/wp-json\/wp\/v2\/comments?post=570"}],"version-history":[{"count":10,"href":"https:\/\/www.kunsthaus-waeldchen.de\/cms\/wp-json\/wp\/v2\/pages\/570\/revisions"}],"predecessor-version":[{"id":657,"href":"https:\/\/www.kunsthaus-waeldchen.de\/cms\/wp-json\/wp\/v2\/pages\/570\/revisions\/657"}],"wp:attachment":[{"href":"https:\/\/www.kunsthaus-waeldchen.de\/cms\/wp-json\/wp\/v2\/media?parent=570"}],"curies":[{"name":"wp","href":"https:\/\/api.w.org\/{rel}","templated":true}]}}