{"id":410,"date":"2019-06-05T10:52:04","date_gmt":"2019-06-05T08:52:04","guid":{"rendered":"http:\/\/www.kunsthaus-waeldchen.de\/cms\/?page_id=410"},"modified":"2023-10-15T13:26:49","modified_gmt":"2023-10-15T11:26:49","slug":"foerderinnen","status":"publish","type":"page","link":"https:\/\/www.kunsthaus-waeldchen.de\/cms\/foerderinnen\/","title":{"rendered":"F\u00f6rderInnen&#8230;"},"content":{"rendered":"<p><span style=\"font-size: 10pt;\">Im Dezember 1996 wurde der als gemeinn\u00fctzig anerkannte F\u00f6rderverein <\/span><span style=\"font-size: 10pt;\"><strong><u>F\u00f6rderInnen freier Kunstkultur und<\/u><\/strong><u> <strong>Musikp\u00e4dagogik e.V.<\/strong><\/u> gegr\u00fcndet. <\/span><span style=\"font-size: 10pt;\">In seiner Satzung hat er sich folgendes zum Ziel gesetzt: <\/span><span style=\"font-size: 10pt;\">\u201e\u2026kulturelle Zwecke zu f\u00f6rdern, insbesondere bildende Kunst, Musik, <\/span><span style=\"font-size: 10pt;\">Literatur und darstellende Kunst in Form von Veranstaltungen und freier p\u00e4dagogischer Bildungsarbeit.\u201c<\/span><br \/>\n<span style=\"font-size: 10pt;\">Heute ist der Verein Projekttr\u00e4ger von <strong>Kunsthaus W\u00e4ldchen<\/strong>, einer freien Bildungswerksatt und kulturelle Begegnungsst\u00e4tte im Kreis Altenkirchen. <\/span><span style=\"font-size: 10pt;\">Der Verein ist Mitglied der rheinland-pf\u00e4lzischen <strong>LAG <em>anderes lernen e.V. <\/em><\/strong>und <\/span><span style=\"font-size: 10pt;\"><strong>LAG <\/strong><strong>Soziokultur und Kulturp\u00e4dagogik e.V.<\/strong>, als Veranstaltungsort weit \u00fcber die Grenzen des Kreises hinaus bekannt und wurde ausgezeichnet mit dem <strong>Weiterbildungspreis 2008<\/strong> des Landes Rheinland-Pfalz f\u00fcr das Programm <strong><em>\u00c4sthetisch- Musikalische Grundbildung<\/em><\/strong>. <\/span><span style=\"font-size: 10pt;\">Mit diesem Angebot haben die im Verein t\u00e4tigen K\u00fcnstler und Musikp\u00e4dagogen \u00fcber viele Jahre einen Ansatz der kulturell und k\u00fcnstlerisch definierten Grundbildung entwickelt. Dieser praxisorientierte Ansatz beinhaltet alle wichtigen Komponenten einer gesunden, auf demokratisch-partizipative Entwicklung angelegten Erziehung und Bildung.<\/span><br \/>\n<span style=\"font-size: 10pt;\">In \u00fcber 20 Jahren haben die Musikp\u00e4dagogen diese Ans\u00e4tze in zahlreichen Kitas und Grundschulen im ganzen Bundesgebiet praktisch und projektorientiert umgesetzt. Hierzu geh\u00f6ren: <em>Spielr\u00e4ume\/Lernfelder \u2013 \u00c4sthetisch-Musikalische Grundbildung <\/em>in Zusammenarbeit mit der Hochschule f\u00fcr Musik und Darstellende Kunst in Frankfurt, gef\u00f6rdert von der Stiftung CITOYEN, <em>Spielr\u00e4ume\/Lernfelder- Elementarbausteine transkultureller Kommunikation<\/em> in Zusammenarbeit mit der Hochschule f\u00fcr Musik und Tanz, K\u00f6ln und der RheinEnergie-Stiftung-Kultur und das Projekt <em>h\u00f6rSpiele-F\u00f6rderung einer partizipativ-demokratischen Musikkultur, <\/em>ein Modellprojekt des Landes Rheinland-Pfalz.<\/span><br \/>\n<span style=\"font-size: 10pt;\">Die aktuellen Projekte, die seit Beginn des Jahres 2019 aufgebaut wurden, sind<\/span><\/p>\n<ul>\n<li><span style=\"font-size: 10pt;\"><strong>KuBi:Land &#8211; Kulturelle Bildung und Demokratief\u00f6rderung auf dem Lande<\/strong>, ein mehrj\u00e4hriges, wissenschaftlich begleitetes Projekt, das Kindern in der Region mit Musik, Kunst und darstellendem Spiel einen partizipativen Zugang zu Lernen und sozialem Handeln erm\u00f6glichen will. <a href=\"https:\/\/kubiland.de\/\"><span style=\"background-color: #00ccff;\">https:\/\/kubiland.de\/<\/span><\/a><\/span><\/li>\n<li><span style=\"font-size: 10pt;\"><strong>Starten mit Musik<\/strong>,<\/span> <span style=\"font-size: 10pt;\">ein Projekt f\u00fcr Berufspraktikant*innen, das sich zum Ziel gesetzt hat, durch eine Zusatzqualifikation f\u00fcr die Auszubildenden ein erweitertes Arbeitsfeld mit ausbauf\u00e4higer beruflicher Perspektive zu schaffen und Kita-Kindern einen ersten Zugang zu kultureller Bildung und Teilhabe zu er\u00f6ffnen.<\/span><\/li>\n<li><span style=\"font-size: 10pt;\">Das Projekt <strong>Mut f\u00fcr Morgen<\/strong> <strong>&#8211; Kindern den R\u00fccken st\u00e4rken<\/strong> will nach der Zeit der Einschr\u00e4nkungen und vielf\u00e4ltigen Belastungen durch die Corona-Pandemie und mitten in einer aktuellen Krieg- und Krisenzeit Kinder und ihre Familien im n\u00f6rdlichen Rheinland-Pfalz durch k\u00fcnstlerische Angebote vor Ort in ihrer emotionalen Situation st\u00e4rken sowie ihnen R\u00fcckhalt und eine Stimme in der Welt verleihen. Im Projekt k\u00f6nnen Kinder an Instrumental- und Kunstwerkst\u00e4tten, an Musik- und Tanzworkshops sowie an Theaterprojekten teilnehmen. Neben dem F\u00f6rderangebot in k\u00fcnstlerisch-musikalischer Grundarbeit sollen mit Auff\u00fchrungen und Ausstellungen Perspektiven f\u00fcr eine lebenswerte Zukunft nach der Pandemie geebnet und offen sichtbar gemacht werden. In die Familien soll damit ebenfalls ein positives Signal gesandt werden, denn in den Kindern lebt auch die Zukunft von Eltern, Gro\u00dfeltern und Geschwistern. Mit gest\u00e4rkten, mutigen Kindern w\u00e4chst auch die Zuversicht in ihren Familien.<\/span><\/li>\n<\/ul>\n<p><span style=\"font-size: 10pt;\">Dieses Projekt wird in den Jahren 2022 \u2013 2025 gro\u00dfz\u00fcgig gef\u00f6rdert von <strong>Kinderhilfsaktion HERZENSSACHE e.V.<\/strong> von SWR und Sparda-Bank sowie vom Land Rheinland-Pfalz, von der Verbandsgemeinde Hachenburg, der Lotto-Stiftung und von regionalen Banken, Sparkassen und Sponsoren.<\/span><br \/>\n<span style=\"font-size: 10pt;\">&nbsp;<\/span><br \/>\n<span style=\"font-size: 10pt;\">Im Rahmen der <strong>NEUSTART KULTUR<\/strong> Programme durch F\u00f6rderung vom Bundesverband Soziokultur e.V. &nbsp;und dem Land Rheinland-Pfalz ist mit dem Bau einer<strong> Freiluftb\u00fchne<\/strong> auf dem Gel\u00e4nde von Kunsthaus W\u00e4ldchen im Jahr 2020 ein \u00fcberaus erfolgreiches und anspruchsvolles Aktionsprogramm<strong> open arts<\/strong> entstanden, das sowohl dem Kreis Altenkirchen als auch der Verbandsgemeinde Hamm\/Sieg eine hohe Reputation verschafft hat. <\/span><span style=\"font-size: 10pt;\">Seit der Er\u00f6ffnung am 2.Juni 2021 finden jeweils von Mai \u2013 September Veranstaltungen mit regional und international bekannten MusikerInnen und K\u00fcnstlerInnen, aber auch Workshops f\u00fcr Kinder, Jugendliche und Familien zu aktuellen gesellschaftspolitisch relevanten Zukunftsthemen statt. <a href=\"https:\/\/www.kunsthaus-waeldchen.de\/cms\/open-arts\/\"><span style=\"background-color: #00ccff;\">https:\/\/www.kunsthaus-waeldchen.de\/cms\/open-arts\/<\/span><\/a><\/span><\/p>\n<p><span style=\"font-size: 12pt;\">Wir freuen uns \u00fcber Ihre <em><strong>Spende<\/strong> <\/em>und senden Ihnen auf Wunsch gerne eine Spendenbescheinigung per Post zu. <\/span><br \/>\n<span style=\"font-size: 12pt;\">Bitte nutzen Sie unsere Kontoverbindung: <\/span><br \/>\n<span style=\"font-size: 12pt;\">F\u00f6rderInnen freier Kunstkultur und Musikp\u00e4dagogik e.V.<\/span><br \/>\n<span style=\"font-size: 12pt;\"><strong>Volksbank Hamm\/Sieg IBAN: DE41 5739 1500 0030 0751 02<\/strong><\/span><br \/>\n<span style=\"font-size: 12pt;\">Vielen Dank!<\/span><\/p>\n<p><span style=\"font-size: 12pt;\">Wenn Sie <em><strong>Mitglied<\/strong><\/em> werden m\u00f6chten, senden Sie uns eine Email an <span style=\"text-decoration: underline;\">FoerderInnen@kunsthaus-waeldchen.de<\/span><\/span><br \/>\n<span style=\"font-size: 12pt;\">Wir senden Ihnen gerne unser entsprechendes Antragsformular zu.<\/span><\/p>\n","protected":false},"excerpt":{"rendered":"<p>Im Dezember 1996 wurde der als gemeinn\u00fctzig anerkannte F\u00f6rderverein F\u00f6rderInnen freier Kunstkultur und Musikp\u00e4dagogik e.V. gegr\u00fcndet. In seiner Satzung hat er sich folgendes zum Ziel gesetzt: \u201e\u2026kulturelle Zwecke zu f\u00f6rdern, insbesondere bildende Kunst, Musik, Literatur und darstellende Kunst in Form&#8230; <a href=\"https:\/\/www.kunsthaus-waeldchen.de\/cms\/foerderinnen\/\" class=\"read-more\">mehr&#8230;<\/a><\/p>\n","protected":false},"author":1,"featured_media":691,"parent":0,"menu_order":0,"comment_status":"closed","ping_status":"closed","template":"","meta":{"ngg_post_thumbnail":0,"footnotes":""},"_links":{"self":[{"href":"https:\/\/www.kunsthaus-waeldchen.de\/cms\/wp-json\/wp\/v2\/pages\/410"}],"collection":[{"href":"https:\/\/www.kunsthaus-waeldchen.de\/cms\/wp-json\/wp\/v2\/pages"}],"about":[{"href":"https:\/\/www.kunsthaus-waeldchen.de\/cms\/wp-json\/wp\/v2\/types\/page"}],"author":[{"embeddable":true,"href":"https:\/\/www.kunsthaus-waeldchen.de\/cms\/wp-json\/wp\/v2\/users\/1"}],"replies":[{"embeddable":true,"href":"https:\/\/www.kunsthaus-waeldchen.de\/cms\/wp-json\/wp\/v2\/comments?post=410"}],"version-history":[{"count":16,"href":"https:\/\/www.kunsthaus-waeldchen.de\/cms\/wp-json\/wp\/v2\/pages\/410\/revisions"}],"predecessor-version":[{"id":704,"href":"https:\/\/www.kunsthaus-waeldchen.de\/cms\/wp-json\/wp\/v2\/pages\/410\/revisions\/704"}],"wp:featuredmedia":[{"embeddable":true,"href":"https:\/\/www.kunsthaus-waeldchen.de\/cms\/wp-json\/wp\/v2\/media\/691"}],"wp:attachment":[{"href":"https:\/\/www.kunsthaus-waeldchen.de\/cms\/wp-json\/wp\/v2\/media?parent=410"}],"curies":[{"name":"wp","href":"https:\/\/api.w.org\/{rel}","templated":true}]}}