{"id":31,"date":"2015-12-20T10:40:16","date_gmt":"2015-12-20T09:40:16","guid":{"rendered":"http:\/\/www.kunsthaus-waeldchen.de\/cms\/?page_id=31"},"modified":"2016-01-21T09:00:12","modified_gmt":"2016-01-21T08:00:12","slug":"dorothe-ruth-marzinzik","status":"publish","type":"page","link":"https:\/\/www.kunsthaus-waeldchen.de\/cms\/dorothe-ruth-marzinzik\/","title":{"rendered":"Dorothe Ruth Marzinzik"},"content":{"rendered":"<div id=\"pl-31\"  class=\"panel-layout\" ><div id=\"pg-31-0\"  class=\"panel-grid panel-no-style\" ><div id=\"pgc-31-0-0\"  class=\"panel-grid-cell\" ><div id=\"panel-31-0-0-0\" class=\"so-panel widget widget_sow-editor panel-first-child panel-last-child\" data-index=\"0\" ><div\n\t\t\t\n\t\t\tclass=\"so-widget-sow-editor so-widget-sow-editor-base\"\n\t\t\t\n\t\t>\n<div class=\"siteorigin-widget-tinymce textwidget\">\n\t<p><span style=\"font-family: Arial,sans-serif;\"><span style=\"font-size: large;\"><b>Dorothe Ruth Marzinzik<\/b><\/span><\/span><\/p>\n<\/div>\n<\/div><\/div><\/div><\/div><div id=\"pg-31-1\"  class=\"panel-grid panel-no-style\" ><div id=\"pgc-31-1-0\"  class=\"panel-grid-cell\" ><div id=\"panel-31-1-0-0\" class=\"so-panel widget widget_sow-editor panel-first-child panel-last-child\" data-index=\"1\" ><div\n\t\t\t\n\t\t\tclass=\"so-widget-sow-editor so-widget-sow-editor-base\"\n\t\t\t\n\t\t>\n<div class=\"siteorigin-widget-tinymce textwidget\">\n\t<ul>\n<li>geboren 1958 in Detmold<\/li>\n<li>Studium Generale am Institut f\u00fcr Waldorfp\u00e4dagogik in Witten-Annen<\/li>\n<li>Klavierstudium bei Michael Allan in K\u00f6ln und Gregor Weichert in M\u00fcnster<\/li>\n<li>Studium der Improvisation, der Komposition und der Freien K\u00fcnste bei Michael Vetter in Freiburg \/ Academia Capraia (Toscana)<\/li>\n<li>Instrumentalweiterbildung \u201eTa Ke Ti Na Rhythmusarbeit\u201c bei Reinhard Flatischler<\/li>\n<li>Leitung der Bildungswerkstatt Kunsthaus W\u00e4ldchen (Forst)<\/li>\n<li>Unterrichtst\u00e4tigkeit als freie Musikp\u00e4dagogin seit 1985<\/li>\n<\/ul>\n<\/div>\n<\/div><\/div><\/div><div id=\"pgc-31-1-1\"  class=\"panel-grid-cell\" ><div id=\"panel-31-1-1-0\" class=\"so-panel widget widget_sow-editor panel-first-child panel-last-child\" data-index=\"2\" ><div\n\t\t\t\n\t\t\tclass=\"so-widget-sow-editor so-widget-sow-editor-base\"\n\t\t\t\n\t\t>\n<div class=\"siteorigin-widget-tinymce textwidget\">\n\t<p><a href=\"https:\/\/www.kunsthaus-waeldchen.de\/cms\/wp-content\/uploads\/2015\/12\/SAM1115_1.jpg\" rel=\"attachment wp-att-250\"><img loading=\"lazy\" decoding=\"async\" class=\"alignnone size-large wp-image-250\" src=\"https:\/\/www.kunsthaus-waeldchen.de\/cms\/wp-content\/uploads\/2015\/12\/SAM1115_1-1024x1024.jpg\" alt=\"_SAM1115_1\" width=\"300\" height=\"300\" srcset=\"https:\/\/www.kunsthaus-waeldchen.de\/cms\/wp-content\/uploads\/2015\/12\/SAM1115_1-1024x1024.jpg 1024w, https:\/\/www.kunsthaus-waeldchen.de\/cms\/wp-content\/uploads\/2015\/12\/SAM1115_1-150x150.jpg 150w, https:\/\/www.kunsthaus-waeldchen.de\/cms\/wp-content\/uploads\/2015\/12\/SAM1115_1-300x300.jpg 300w, https:\/\/www.kunsthaus-waeldchen.de\/cms\/wp-content\/uploads\/2015\/12\/SAM1115_1-768x768.jpg 768w, https:\/\/www.kunsthaus-waeldchen.de\/cms\/wp-content\/uploads\/2015\/12\/SAM1115_1.jpg 1980w\" sizes=\"(max-width: 300px) 100vw, 300px\" \/><\/a><\/p>\n<\/div>\n<\/div><\/div><\/div><\/div><div id=\"pg-31-2\"  class=\"panel-grid panel-no-style\" ><div id=\"pgc-31-2-0\"  class=\"panel-grid-cell\" ><div id=\"panel-31-2-0-0\" class=\"so-panel widget widget_sow-editor panel-first-child panel-last-child\" data-index=\"3\" ><div\n\t\t\t\n\t\t\tclass=\"so-widget-sow-editor so-widget-sow-editor-base\"\n\t\t\t\n\t\t>\n<div class=\"siteorigin-widget-tinymce textwidget\">\n\t<ul>\n<li>1985 Gr\u00fcndung laboratorium f\u00fcr j\u00fcngste kunst (K\u00f6ln), Musik im freien Theater, internationale Performances (u.a. 1995 Festival \u201eSharing-Time\u201c nach Java, Indonesien) und Konzerte im In- und Ausland<\/li>\n<li>In K\u00f6ln Gr\u00fcndung und Durchf\u00fchrung des Festivals Neue MusikSchr\u00e4gstrichTheater u.a. mit Urauff\u00fchrungen eigener Werke und von zeitgen\u00f6ssischen Komponisten wie Karlheinz Stockhausen.<\/li>\n<li>1994 Gr\u00fcndung der gemeinn\u00fctzigen Bildungswerkstatt Kunsthaus W\u00e4ldchen (Forst) Studio f\u00fcr Unterricht, Seminare, Weiterbildung f\u00fcr Erzieher\/innen und Veranstaltungen in Zusammenarbeit mit dem Kultursommer Rheinland-Pfalz, wie z.B. der \u201eHammer Kulturtage\u201c (2000) und der \u201eHammer Kulturwerkstatt\u201c (2002)<\/li>\n<li>2000 - 2003 im Leitungsteam des rheinlandpf\u00e4lzischen Modellvorhabens <em>h\u00f6rSpiele \u2013 F\u00f6rderung einer demokratisch-partizipativen Musikkultur<\/em> im Rahmen des Bundesprogramms Kulturelle Bildung im Medienzeitalter<\/li>\n<li>Seit 2002 gemeinsam mit Daniel Diestelkamp Entwicklung, Konzeption und Unterricht im KiTa-Projekt <em>Spielr\u00e4ume\/Lernfelder, \u00c4sthetisch-Musikalische Grundbildung.<\/em> Hierf\u00fcr 2008 Auszeichnung mit dem Weiterbildungspreis des Landes Rheinland-Pfalz<\/li>\n<li>2005 \u2013 2008 Lehrauftrag an der Hochschule f\u00fcr Musik und Darstellende Kunst, Frankfurt am Main<\/li>\n<li>Seit 2011 Lehrauftrag an der Hochschule f\u00fcr Musik und Tanz, K\u00f6ln<\/li>\n<li>Seit Januar 2012 Projektleitung <em>ELEMENTARBAUSTEINE transkultureller Kommunikation<\/em> ein Kooperationsprojekt von Kunsthaus W\u00e4ldchen und Hochschule f\u00fcr Musik und Tanz in K\u00f6lner Brennpunkt-Kitas<\/li>\n<li>2014\/2015 Projektleitung <em>Bausteine Musik &amp; Kommunikation BAMUKO<\/em> im Rahmen des vom Bundesministerium f\u00fcr Bildung und Forschung gef\u00f6rderten Programms \u201eK\u00fcnst \u00f6ffnen Welten\u201c<\/li>\n<li>Seit M\u00e4rz 2014 eingetragen in der K\u00fcnstlerdatei des Landes Rheinland-Pfalz Jedem Kind seine Kunst<\/li>\n<li>Seit September 2014 Lehrauftrag an der Technischen Hochschule K\u00f6ln<\/li>\n<\/ul>\n<p>\u00a0<\/p>\n<p><span style=\"font-size: 14pt;\"><strong>Kompositionen und Ver\u00f6ffentlichungen:<\/strong><\/span><\/p>\n<ul>\n<li>Sammlung f\u00fcr Stimme Solo und Frauenvokalensemble im liturgischen Zusammenhang<\/li>\n<li>St\u00fccke f\u00fcr Klavier Solo und Instrumentalensemble in wechselnder Besetzung<\/li>\n<li>Musiktheater f\u00fcr Kinder u.a. Musikalische Geschichten von Feuer, Wasser, Luft und Erde (2001) Musikalische Bilder vom kleinen Prinzen (2003)<\/li>\n<li>KREISSEN Ges\u00e4nge, Text in Zeichen, Buch + CD (1999)<\/li>\n<li>Kompositionstexturen zu Hilde Domin ZEITenRAUM (2008) und \u2026wie in den katakomben\u2026 (2011)<\/li>\n<\/ul>\n<p>\u00a0<\/p>\n<p><strong><span style=\"font-size: 14pt;\">\u00c4sthetisch-Musikalische Grundbildung<\/span><\/strong><\/p>\n<ul>\n<li>Buchver\u00f6ffentlichung im Wienand-Verlag, K\u00f6ln (2013)<\/li>\n<\/ul>\n<\/div>\n<\/div><\/div><\/div><\/div><\/div>","protected":false},"excerpt":{"rendered":"<p>Dorothe Ruth Marzinzik geboren 1958 in Detmold Studium Generale am Institut f\u00fcr Waldorfp\u00e4dagogik in Witten-Annen Klavierstudium bei Michael Allan in K\u00f6ln und Gregor Weichert in M\u00fcnster Studium der Improvisation, der Komposition und der Freien K\u00fcnste bei Michael Vetter in Freiburg&#8230; <a href=\"https:\/\/www.kunsthaus-waeldchen.de\/cms\/dorothe-ruth-marzinzik\/\" class=\"read-more\">mehr&#8230;<\/a><\/p>\n","protected":false},"author":1,"featured_media":0,"parent":0,"menu_order":0,"comment_status":"closed","ping_status":"closed","template":"","meta":{"ngg_post_thumbnail":0,"footnotes":""},"_links":{"self":[{"href":"https:\/\/www.kunsthaus-waeldchen.de\/cms\/wp-json\/wp\/v2\/pages\/31"}],"collection":[{"href":"https:\/\/www.kunsthaus-waeldchen.de\/cms\/wp-json\/wp\/v2\/pages"}],"about":[{"href":"https:\/\/www.kunsthaus-waeldchen.de\/cms\/wp-json\/wp\/v2\/types\/page"}],"author":[{"embeddable":true,"href":"https:\/\/www.kunsthaus-waeldchen.de\/cms\/wp-json\/wp\/v2\/users\/1"}],"replies":[{"embeddable":true,"href":"https:\/\/www.kunsthaus-waeldchen.de\/cms\/wp-json\/wp\/v2\/comments?post=31"}],"version-history":[{"count":18,"href":"https:\/\/www.kunsthaus-waeldchen.de\/cms\/wp-json\/wp\/v2\/pages\/31\/revisions"}],"predecessor-version":[{"id":253,"href":"https:\/\/www.kunsthaus-waeldchen.de\/cms\/wp-json\/wp\/v2\/pages\/31\/revisions\/253"}],"wp:attachment":[{"href":"https:\/\/www.kunsthaus-waeldchen.de\/cms\/wp-json\/wp\/v2\/media?parent=31"}],"curies":[{"name":"wp","href":"https:\/\/api.w.org\/{rel}","templated":true}]}}