{"id":15,"date":"2015-12-20T09:51:19","date_gmt":"2015-12-20T08:51:19","guid":{"rendered":"http:\/\/www.kunsthaus-waeldchen.de\/cms\/?page_id=15"},"modified":"2018-05-27T12:24:08","modified_gmt":"2018-05-27T10:24:08","slug":"raeume-mieten","status":"publish","type":"page","link":"https:\/\/www.kunsthaus-waeldchen.de\/cms\/raeume-mieten\/","title":{"rendered":"R\u00e4ume mieten"},"content":{"rendered":"<div id=\"pl-15\"  class=\"panel-layout\" ><div id=\"pg-15-0\"  class=\"panel-grid panel-no-style\" ><div id=\"pgc-15-0-0\"  class=\"panel-grid-cell\" ><div id=\"panel-15-0-0-0\" class=\"so-panel widget widget_sow-editor panel-first-child panel-last-child\" data-index=\"0\" ><div\n\t\t\t\n\t\t\tclass=\"so-widget-sow-editor so-widget-sow-editor-base\"\n\t\t\t\n\t\t>\n<div class=\"siteorigin-widget-tinymce textwidget\">\n\t<p><span style=\"font-size: 14pt;\"><strong>R\u00e4ume mieten<\/strong><\/span><\/p>\n<div id=\"metaslider-id-148\" style=\"max-width: 880px;\" class=\"ml-slider-3-90-0 metaslider metaslider-nivo metaslider-148 ml-slider ms-theme-default\" role=\"region\" aria-roledescription=\"Slideshow\" aria-label=\"r\u00e4ume mieten\">\n    <div id=\"metaslider_container_148\">\n        <div class='slider-wrapper theme-default'><div class='ribbon'><\/div><div id='metaslider_148' class='nivoSlider'><img loading=\"lazy\" decoding=\"async\" src=\"https:\/\/www.kunsthaus-waeldchen.de\/cms\/wp-content\/uploads\/2015\/12\/sam9272-panorama-880x300.jpg\" height=\"300\" width=\"880\" alt=\"\" class=\"slider-148 slide-151\" \/><img loading=\"lazy\" decoding=\"async\" src=\"https:\/\/www.kunsthaus-waeldchen.de\/cms\/wp-content\/uploads\/2015\/12\/sam9316-panorama-cs-880x300.jpg\" height=\"300\" width=\"880\" alt=\"\" class=\"slider-148 slide-150\" \/><img loading=\"lazy\" decoding=\"async\" src=\"https:\/\/www.kunsthaus-waeldchen.de\/cms\/wp-content\/uploads\/2015\/12\/zimmer_panorama1_1cs-lw-880x300.jpg\" height=\"300\" width=\"880\" alt=\"Einzelzimmer mit eigenem Bad\" class=\"slider-148 slide-161\" \/><img loading=\"lazy\" decoding=\"async\" src=\"https:\/\/www.kunsthaus-waeldchen.de\/cms\/wp-content\/uploads\/2015\/12\/sam9382-880x300.jpg\" height=\"300\" width=\"880\" alt=\"\" class=\"slider-148 slide-152\" \/><\/div><\/div>\n        \n    <\/div>\n<\/div>\n<\/div>\n<\/div><\/div><\/div><\/div><div id=\"pg-15-1\"  class=\"panel-grid panel-no-style\" ><div id=\"pgc-15-1-0\"  class=\"panel-grid-cell\" ><div id=\"panel-15-1-0-0\" class=\"so-panel widget widget_sow-editor panel-first-child panel-last-child\" data-index=\"1\" ><div\n\t\t\t\n\t\t\tclass=\"so-widget-sow-editor so-widget-sow-editor-base\"\n\t\t\t\n\t\t>\n<div class=\"siteorigin-widget-tinymce textwidget\">\n\t<p style=\"text-align: left;\"><strong><span style=\"font-size: 14pt;\">R\u00e4ume im Kunsthaus W\u00e4ldchen <\/span><\/strong><\/p>\n<p style=\"text-align: left;\"><span style=\"font-size: 18pt;\">naturnah und ungest\u00f6rt tagen, proben und schulen<\/span><\/p>\n<ul style=\"list-style-type: square;\">\n<li style=\"text-align: left;\"><span style=\"font-size: 14pt;\">f\u00fcr K\u00fcnstler und Ensembles<\/span><\/li>\n<li style=\"text-align: left;\"><span style=\"font-size: 14pt;\">f\u00fcr Team-Klausuren und Teambuilding<\/span><\/li>\n<li style=\"text-align: left;\"><span style=\"font-size: 14pt;\">f\u00fcr Seminare<\/span><\/li>\n<\/ul>\n<p><span style=\"font-size: 12pt;\">Kleine und gro\u00dfe Tagungsr\u00e4ume, Medienausstattung und WLAN mit 3 Einzel- und 2 Doppelzimmern zum \u00dcbernachten und gro\u00dfer K\u00fcche f\u00fcr Selbstversorger.<\/span><\/p>\n<p><span style=\"font-size: 12pt;\">F\u00fcr private Interessenten an der separaten Ferienwohnung im S\u00fcdteil des Hauses<\/span> <span style=\"font-family: Arial,sans-serif; font-size: 14pt;\"><a href=\"https:\/\/www.fewo-direkt.de\/ferienwohnung-ferienhaus\/p2455466\" target=\"_blank\" rel=\"noopener\">bitte hier klicken und buchen<\/a> <\/span><\/p>\n<\/div>\n<\/div><\/div><\/div><\/div><div id=\"pg-15-2\"  class=\"panel-grid panel-no-style\" ><div id=\"pgc-15-2-0\"  class=\"panel-grid-cell\" ><div id=\"panel-15-2-0-0\" class=\"so-panel widget widget_sow-editor panel-first-child panel-last-child\" data-index=\"2\" ><div\n\t\t\t\n\t\t\tclass=\"so-widget-sow-editor so-widget-sow-editor-base\"\n\t\t\t\n\t\t>\n<div class=\"siteorigin-widget-tinymce textwidget\">\n\tngg_shortcode_0_placeholder\n<\/div>\n<\/div><\/div><\/div><\/div><\/div>","protected":false},"excerpt":{"rendered":"<p>R\u00e4ume mieten R\u00e4ume im Kunsthaus W\u00e4ldchen naturnah und ungest\u00f6rt tagen, proben und schulen f\u00fcr K\u00fcnstler und Ensembles f\u00fcr Team-Klausuren und Teambuilding f\u00fcr Seminare Kleine und gro\u00dfe Tagungsr\u00e4ume, Medienausstattung und WLAN mit 3 Einzel- und 2 Doppelzimmern zum \u00dcbernachten und gro\u00dfer&#8230; <a href=\"https:\/\/www.kunsthaus-waeldchen.de\/cms\/raeume-mieten\/\" class=\"read-more\">mehr&#8230;<\/a><\/p>\n","protected":false},"author":1,"featured_media":0,"parent":0,"menu_order":0,"comment_status":"closed","ping_status":"closed","template":"","meta":{"ngg_post_thumbnail":0,"footnotes":""},"_links":{"self":[{"href":"https:\/\/www.kunsthaus-waeldchen.de\/cms\/wp-json\/wp\/v2\/pages\/15"}],"collection":[{"href":"https:\/\/www.kunsthaus-waeldchen.de\/cms\/wp-json\/wp\/v2\/pages"}],"about":[{"href":"https:\/\/www.kunsthaus-waeldchen.de\/cms\/wp-json\/wp\/v2\/types\/page"}],"author":[{"embeddable":true,"href":"https:\/\/www.kunsthaus-waeldchen.de\/cms\/wp-json\/wp\/v2\/users\/1"}],"replies":[{"embeddable":true,"href":"https:\/\/www.kunsthaus-waeldchen.de\/cms\/wp-json\/wp\/v2\/comments?post=15"}],"version-history":[{"count":41,"href":"https:\/\/www.kunsthaus-waeldchen.de\/cms\/wp-json\/wp\/v2\/pages\/15\/revisions"}],"predecessor-version":[{"id":382,"href":"https:\/\/www.kunsthaus-waeldchen.de\/cms\/wp-json\/wp\/v2\/pages\/15\/revisions\/382"}],"wp:attachment":[{"href":"https:\/\/www.kunsthaus-waeldchen.de\/cms\/wp-json\/wp\/v2\/media?parent=15"}],"curies":[{"name":"wp","href":"https:\/\/api.w.org\/{rel}","templated":true}]}}